{"id":3076,"date":"2024-09-19T05:55:26","date_gmt":"2024-09-19T05:55:26","guid":{"rendered":"https:\/\/handyor.themeht.com\/?page_id=3076"},"modified":"2025-09-30T20:44:17","modified_gmt":"2025-09-30T19:44:17","slug":"kontaktirajte-nas","status":"publish","type":"page","link":"https:\/\/kmsolution.ba\/index.php\/kontaktirajte-nas\/","title":{"rendered":"Kontaktirajte nas"},"content":{"rendered":"\t\t<div data-elementor-type=\"wp-page\" data-elementor-id=\"3076\" class=\"elementor elementor-3076\">\n\t\t\t\t\t\t<section class=\"elementor-section elementor-top-section elementor-element elementor-element-1750f35 elementor-section-stretched elementor-section-boxed elementor-section-height-default elementor-section-height-default default\" data-id=\"1750f35\" data-element_type=\"section\" data-settings=\"{&quot;stretch_section&quot;:&quot;section-stretched&quot;}\">\n\t\t\t\t\t\t<div class=\"elementor-container elementor-column-gap-no\">\n\t\t\t\t\t<div class=\"elementor-column elementor-col-100 elementor-top-column elementor-element elementor-element-ebd5fec\" data-id=\"ebd5fec\" data-element_type=\"column\">\n\t\t\t<div class=\"elementor-widget-wrap elementor-element-populated\">\n\t\t\t\t\t\t<section class=\"elementor-section elementor-inner-section elementor-element elementor-element-a57be93 light-bg elementor-section-boxed elementor-section-height-default elementor-section-height-default\" data-id=\"a57be93\" data-element_type=\"section\">\n\t\t\t\t\t\t<div class=\"elementor-container elementor-column-gap-no\">\n\t\t\t\t\t<div class=\"elementor-column elementor-col-50 elementor-inner-column elementor-element elementor-element-aa2c1ff\" data-id=\"aa2c1ff\" data-element_type=\"column\">\n\t\t\t<div class=\"elementor-widget-wrap elementor-element-populated\">\n\t\t\t\t\t\t<div class=\"elementor-element elementor-element-acce4fc elementor-widget elementor-widget-title\" data-id=\"acce4fc\" data-element_type=\"widget\" data-widget_type=\"title.default\">\n\t\t\t\t<div class=\"elementor-widget-container\">\n\t\t\t\t\t        <div class=\"theme-title ht-split-text  \">\n              \n             <h6 class=\"\">Kontaktirajte nas\n<\/h6>\n\t\t\t \n\t\t<h2 data-splitting> Kontaktirajte nas za vi\u0161e detalja\n<\/h2>\n          <p>  <\/p>      \n        <\/div>\n        \t\t\t\t<\/div>\n\t\t\t\t<\/div>\n\t\t\t\t<div class=\"elementor-element elementor-element-617d521 elementor-widget elementor-widget-image\" data-id=\"617d521\" data-element_type=\"widget\" data-widget_type=\"image.default\">\n\t\t\t\t<div class=\"elementor-widget-container\">\n\t\t\t\t\t\t\t\t\t\t\t\t\t\t\t<img decoding=\"async\" src=\"https:\/\/kmsolution.ba\/wp-content\/uploads\/elementor\/thumbs\/ori_3749912_3w8znrmf3aq0cntxlhltuxoq9c9fvdloc2v9x8sd_professional-electrician-vector-different-poses-performing-electrical-work-isolated-on-white-cartoon-character-illustration-r4783mt07dru4760letz42rsrgnxbm5n0dpxt90zso.jpg\" title=\"Professional Electrician Vector. Different Poses. Performing Electrical Work. Isolated On White Cartoon Character Illustration\" alt=\"Electrician Vector. Different Poses. Working Process. Flat Cartoon Illustration\" loading=\"lazy\" \/>\t\t\t\t\t\t\t\t\t\t\t\t\t\t\t<\/div>\n\t\t\t\t<\/div>\n\t\t\t\t\t<\/div>\n\t\t<\/div>\n\t\t\t\t<div class=\"elementor-column elementor-col-50 elementor-inner-column elementor-element elementor-element-347383e\" data-id=\"347383e\" data-element_type=\"column\">\n\t\t\t<div class=\"elementor-widget-wrap elementor-element-populated\">\n\t\t\t\t\t\t<section class=\"elementor-section elementor-inner-section elementor-element elementor-element-2395ed6 elementor-section-boxed elementor-section-height-default elementor-section-height-default default\" data-id=\"2395ed6\" data-element_type=\"section\">\n\t\t\t\t\t\t<div class=\"elementor-container elementor-column-gap-default\">\n\t\t\t\t\t<div class=\"elementor-column elementor-col-50 elementor-inner-column elementor-element elementor-element-3caf084\" data-id=\"3caf084\" data-element_type=\"column\">\n\t\t\t<div class=\"elementor-widget-wrap elementor-element-populated\">\n\t\t\t\t\t\t<div class=\"elementor-element elementor-element-86afa73 elementor-widget elementor-widget-feature\" data-id=\"86afa73\" data-element_type=\"widget\" data-widget_type=\"feature.default\">\n\t\t\t\t<div class=\"elementor-widget-container\">\n\t\t\t\t\t\n\n\n                        <div class=\"featured-item style-1  \">\n                    <div class=\"featured-subtitle\">\n                                  <\/div> \n                  <div class=\"featured-icon\">\n                              <i class=\"flaticon flaticon-mail\"><\/i>                            <\/div>\n            <div class=\"featured-desc\"> \n            <div class=\"featured-title\">\n                <h4>Email adresa<\/h4>\n                <\/div>\n            <p>info@kmsolution.ba<br \/><br \/><\/p>          <\/div>\n        <\/div>\n                            \n\n            \n            \n\n            \n            \n\n            \n            \n\n            \n\n        \n\n\n        \t\t\t\t<\/div>\n\t\t\t\t<\/div>\n\t\t\t\t<div class=\"elementor-element elementor-element-a7121df elementor-widget elementor-widget-feature\" data-id=\"a7121df\" data-element_type=\"widget\" data-widget_type=\"feature.default\">\n\t\t\t\t<div class=\"elementor-widget-container\">\n\t\t\t\t\t\n\n\n                        <div class=\"featured-item style-1  \">\n                    <div class=\"featured-subtitle\">\n                                  <\/div> \n                  <div class=\"featured-icon\">\n                              <i class=\"flaticon flaticon-location-pin\"><\/i>                            <\/div>\n            <div class=\"featured-desc\"> \n            <div class=\"featured-title\">\n                <h4>Adresa<\/h4>\n                <\/div>\n            <p>Skenderija 1<br \/>71000 Sarajevo<\/p><p>Bosna i Hercegovina<\/p>          <\/div>\n        <\/div>\n                            \n\n            \n            \n\n            \n            \n\n            \n            \n\n            \n\n        \n\n\n        \t\t\t\t<\/div>\n\t\t\t\t<\/div>\n\t\t\t\t\t<\/div>\n\t\t<\/div>\n\t\t\t\t<div class=\"elementor-column elementor-col-50 elementor-inner-column elementor-element elementor-element-5afa13d\" data-id=\"5afa13d\" data-element_type=\"column\">\n\t\t\t<div class=\"elementor-widget-wrap elementor-element-populated\">\n\t\t\t\t\t\t<div class=\"elementor-element elementor-element-28ad5dc elementor-widget elementor-widget-feature\" data-id=\"28ad5dc\" data-element_type=\"widget\" data-widget_type=\"feature.default\">\n\t\t\t\t<div class=\"elementor-widget-container\">\n\t\t\t\t\t\n\n\n                        <div class=\"featured-item style-1  \">\n                    <div class=\"featured-subtitle\">\n                                  <\/div> \n                  <div class=\"featured-icon\">\n                              <i class=\"bi bi-telephone-inbound-fill\"><\/i>                            <\/div>\n            <div class=\"featured-desc\"> \n            <div class=\"featured-title\">\n                <h4>Pozovite nas<\/h4>\n                <\/div>\n            <p>+387 61 895-828<\/p><p>+387 61 236-836<\/p>          <\/div>\n        <\/div>\n                            \n\n            \n            \n\n            \n            \n\n            \n            \n\n            \n\n        \n\n\n        \t\t\t\t<\/div>\n\t\t\t\t<\/div>\n\t\t\t\t<div class=\"elementor-element elementor-element-c073375 elementor-widget elementor-widget-feature\" data-id=\"c073375\" data-element_type=\"widget\" data-widget_type=\"feature.default\">\n\t\t\t\t<div class=\"elementor-widget-container\">\n\t\t\t\t\t\n\n\n                        <div class=\"featured-item style-1  \">\n                    <div class=\"featured-subtitle\">\n                                  <\/div> \n                  <div class=\"featured-icon\">\n                              <i class=\"bi bi-chat-quote-fill\"><\/i>                            <\/div>\n            <div class=\"featured-desc\"> \n            <div class=\"featured-title\">\n                <h4>Imate pitanje?<\/h4>\n                <\/div>\n            <p>Mi imamo odgovor.<\/p>          <\/div>\n        <\/div>\n                            \n\n            \n            \n\n            \n            \n\n            \n            \n\n            \n\n        \n\n\n        \t\t\t\t<\/div>\n\t\t\t\t<\/div>\n\t\t\t\t\t<\/div>\n\t\t<\/div>\n\t\t\t\t\t<\/div>\n\t\t<\/section>\n\t\t\t\t\t<\/div>\n\t\t<\/div>\n\t\t\t\t\t<\/div>\n\t\t<\/section>\n\t\t\t\t\t<\/div>\n\t\t<\/div>\n\t\t\t\t\t<\/div>\n\t\t<\/section>\n\t\t\t\t<section class=\"elementor-section elementor-top-section elementor-element elementor-element-1af5942 elementor-section-stretched elementor-section-boxed elementor-section-height-default elementor-section-height-default default\" data-id=\"1af5942\" data-element_type=\"section\" data-settings=\"{&quot;stretch_section&quot;:&quot;section-stretched&quot;}\">\n\t\t\t\t\t\t<div class=\"elementor-container elementor-column-gap-no\">\n\t\t\t\t\t<div class=\"elementor-column elementor-col-50 elementor-top-column elementor-element elementor-element-fd855e2\" data-id=\"fd855e2\" data-element_type=\"column\">\n\t\t\t<div class=\"elementor-widget-wrap elementor-element-populated\">\n\t\t\t\t\t\t<div class=\"elementor-element elementor-element-04e5f1e elementor-widget elementor-widget-shortcode\" data-id=\"04e5f1e\" data-element_type=\"widget\" data-widget_type=\"shortcode.default\">\n\t\t\t\t<div class=\"elementor-widget-container\">\n\t\t\t\t\t\t\t<div class=\"elementor-shortcode\">\n<div class=\"wpcf7 no-js\" id=\"wpcf7-f3282-o1\" lang=\"en-US\" dir=\"ltr\" data-wpcf7-id=\"3282\">\n<div class=\"screen-reader-response\"><p role=\"status\" aria-live=\"polite\" aria-atomic=\"true\"><\/p> <ul><\/ul><\/div>\n<form action=\"\/index.php\/wp-json\/wp\/v2\/pages\/3076#wpcf7-f3282-o1\" method=\"post\" class=\"wpcf7-form init\" aria-label=\"Contact form\" novalidate=\"novalidate\" data-status=\"init\">\n<fieldset class=\"hidden-fields-container\"><input type=\"hidden\" name=\"_wpcf7\" value=\"3282\" \/><input type=\"hidden\" name=\"_wpcf7_version\" value=\"6.1.2\" \/><input type=\"hidden\" name=\"_wpcf7_locale\" value=\"en_US\" \/><input type=\"hidden\" name=\"_wpcf7_unit_tag\" value=\"wpcf7-f3282-o1\" \/><input type=\"hidden\" name=\"_wpcf7_container_post\" value=\"0\" \/><input type=\"hidden\" name=\"_wpcf7_posted_data_hash\" value=\"\" \/>\n<\/fieldset>\n<div class=\"contact-form\">\n    <div class=\"row\">  \n  <h4 class=\"theme-title ht-split-text\"> \n   Kontaktirajte nas\n  <\/h4>\n      <div class=\"col-md-6  mb-4\"> <span class=\"wpcf7-form-control-wrap\" data-name=\"Your-name\"><input size=\"40\" maxlength=\"400\" class=\"wpcf7-form-control wpcf7-text wpcf7-validates-as-required\" aria-required=\"true\" aria-invalid=\"false\" placeholder=\"Va\u0161e ime\" value=\"\" type=\"text\" name=\"Your-name\" \/><\/span><\/div>\n      <div class=\"col-md-6 mb-4\"> <span class=\"wpcf7-form-control-wrap\" data-name=\"Your\"><input size=\"40\" maxlength=\"400\" class=\"wpcf7-form-control wpcf7-email wpcf7-validates-as-required wpcf7-text wpcf7-validates-as-email\" aria-required=\"true\" aria-invalid=\"false\" placeholder=\"Va\u0161 e-mail\" value=\"\" type=\"email\" name=\"Your\" \/><\/span><\/div>\n      <div class=\"col-md-6 mb-4\"> <span class=\"wpcf7-form-control-wrap\" data-name=\"placeholder\"><input size=\"40\" maxlength=\"400\" class=\"wpcf7-form-control wpcf7-tel wpcf7-text wpcf7-validates-as-tel\" aria-invalid=\"false\" value=\"Broj telefona\" type=\"tel\" name=\"placeholder\" \/><\/span><\/div>\n       <div class=\"col-md-6 mb-4\"><div class=\"select\"> <span class=\"wpcf7-form-control-wrap\" data-name=\"your-select\"><select class=\"wpcf7-form-control wpcf7-select wpcf7-validates-as-required\" aria-required=\"true\" aria-invalid=\"false\" name=\"your-select\"><option value=\"Izaberite uslugu\">Izaberite uslugu<\/option><option value=\"Elekti\u010darski radovi\">Elekti\u010darski radovi<\/option><option value=\"Video nadzor\">Video nadzor<\/option><option value=\"Alarmni sistemi\">Alarmni sistemi<\/option><option value=\"Vodo instalacije\">Vodo instalacije<\/option><option value=\"Servis ure\u0111aja\">Servis ure\u0111aja<\/option><option value=\"\u010ci\u0161\u0107enje AC sistema\">\u010ci\u0161\u0107enje AC sistema<\/option><\/select><\/span><\/div><\/div>\n      <div class=\"col-md-6 mb-4\"> <span class=\"wpcf7-form-control-wrap\" data-name=\"date\"><input class=\"wpcf7-form-control wpcf7-date wpcf7-validates-as-date date\" min=\"2025-04-10\" max=\"2026-06-05\" aria-invalid=\"false\" value=\"\" type=\"date\" name=\"date\" \/><\/span><\/div>\n      <div class=\"col-md-6 mb-4\"><div class=\"select\"><span class=\"wpcf7-form-control-wrap\" data-name=\"menu-969\"><select class=\"wpcf7-form-control wpcf7-select wpcf7-validates-as-required\" aria-required=\"true\" aria-invalid=\"false\" name=\"menu-969\"><option value=\"09:00\">09:00<\/option><option value=\"09:30\">09:30<\/option><option value=\"10:00\">10:00<\/option><option value=\"10:30\">10:30<\/option><option value=\"11:00\">11:00<\/option><option value=\"11:30\">11:30<\/option><option value=\"12:00\">12:00<\/option><option value=\"12:30\">12:30<\/option><option value=\"13:00\">13:00<\/option><option value=\"13:30\">13:30<\/option><option value=\"14:00\">14:00<\/option><option value=\"14:30\">14:30<\/option><option value=\"15:00\">15:00<\/option><option value=\"15:30\">15:30<\/option><\/select><\/span><\/div><\/div>\n       <div class=\"col-md-12 mb-4\"> <span class=\"wpcf7-form-control-wrap\" data-name=\"your-message\"><textarea cols=\"40\" rows=\"10\" maxlength=\"2000\" class=\"wpcf7-form-control wpcf7-textarea\" aria-invalid=\"false\" placeholder=\"Va\u0161a poruka\" name=\"your-message\"><\/textarea><\/span><\/div>\n       <a href=\"#\" class=\"themeht-btn-warp themeht-btn style2 white-btn\">\n \n  <span class=\"btn-text\">Po\u0161alji te poruku<\/span>\n<svg class=\"btn-icon-svg\" xmlns=\"http:\/\/www.w3.org\/2000\/svg\" xmlns:xlink=\"http:\/\/www.w3.org\/1999\/xlink\" x=\"0px\" y=\"0px\" width=\"10\" height=\"19\" viewBox=\"0 0 19 19\" xml:space=\"preserve\"><line x1=\"1\" y1=\"18\" x2=\"17.8\" y2=\"1.2\"><\/line><line x1=\"1.2\" y1=\"1\" x2=\"18\" y2=\"1\"><\/line><line x1=\"18\" y1=\"17.8\" x2=\"18\" y2=\"1\"><\/line><\/svg>\n<\/a> \n    <\/div>\n  <\/div><div class=\"wpcf7-response-output\" aria-hidden=\"true\"><\/div>\n<\/form>\n<\/div>\n<\/div>\n\t\t\t\t\t\t<\/div>\n\t\t\t\t<\/div>\n\t\t\t\t\t<\/div>\n\t\t<\/div>\n\t\t\t\t<div class=\"elementor-column elementor-col-50 elementor-top-column elementor-element elementor-element-1752b1d\" data-id=\"1752b1d\" data-element_type=\"column\">\n\t\t\t<div class=\"elementor-widget-wrap elementor-element-populated\">\n\t\t\t\t\t\t<div class=\"elementor-element elementor-element-b2d0fe7 elementor-widget elementor-widget-google_maps\" data-id=\"b2d0fe7\" data-element_type=\"widget\" data-widget_type=\"google_maps.default\">\n\t\t\t\t<div class=\"elementor-widget-container\">\n\t\t\t\t\t\t\t<div class=\"elementor-custom-embed\">\n\t\t\t<iframe loading=\"lazy\"\n\t\t\t\t\tsrc=\"https:\/\/www.google.com\/maps\/embed\/v1\/place?key=AIzaSyC8yDs9zqtC0YT9i8FyynSAQWnohhfG3LU&#038;q=skenderija&#038;zoom=15\"\n\t\t\t\t\ttitle=\"skenderija\"\n\t\t\t\t\taria-label=\"skenderija\"\n\t\t\t><\/iframe>\n\t\t<\/div>\n\t\t\t\t\t\t<\/div>\n\t\t\t\t<\/div>\n\t\t\t\t\t<\/div>\n\t\t<\/div>\n\t\t\t\t\t<\/div>\n\t\t<\/section>\n\t\t\t\t<\/div>\n\t\t","protected":false},"excerpt":{"rendered":"<p>Kontaktirajte nas Kontaktirajte nas za vi\u0161e detalja Email adresa info@kmsolution.ba Adresa Skenderija 171000 Sarajevo Bosna i Hercegovina Pozovite nas +387 61 895-828 +387 61 236-836 Imate pitanje? Mi imamo odgovor.<\/p>\n","protected":false},"author":1,"featured_media":0,"parent":0,"menu_order":0,"comment_status":"closed","ping_status":"closed","template":"","meta":{"_acf_changed":false,"inline_featured_image":false,"footnotes":""},"class_list":["post-3076","page","type-page","status-publish","hentry"],"acf":[],"_links":{"self":[{"href":"https:\/\/kmsolution.ba\/index.php\/wp-json\/wp\/v2\/pages\/3076","targetHints":{"allow":["GET"]}}],"collection":[{"href":"https:\/\/kmsolution.ba\/index.php\/wp-json\/wp\/v2\/pages"}],"about":[{"href":"https:\/\/kmsolution.ba\/index.php\/wp-json\/wp\/v2\/types\/page"}],"author":[{"embeddable":true,"href":"https:\/\/kmsolution.ba\/index.php\/wp-json\/wp\/v2\/users\/1"}],"replies":[{"embeddable":true,"href":"https:\/\/kmsolution.ba\/index.php\/wp-json\/wp\/v2\/comments?post=3076"}],"version-history":[{"count":13,"href":"https:\/\/kmsolution.ba\/index.php\/wp-json\/wp\/v2\/pages\/3076\/revisions"}],"predecessor-version":[{"id":13705,"href":"https:\/\/kmsolution.ba\/index.php\/wp-json\/wp\/v2\/pages\/3076\/revisions\/13705"}],"wp:attachment":[{"href":"https:\/\/kmsolution.ba\/index.php\/wp-json\/wp\/v2\/media?parent=3076"}],"curies":[{"name":"wp","href":"https:\/\/api.w.org\/{rel}","templated":true}]}}